{"id":465,"date":"2025-10-14T20:37:26","date_gmt":"2025-10-14T20:37:26","guid":{"rendered":"https:\/\/eplaninternational.com\/economia-aplicada-politicas-publicas\/"},"modified":"2025-10-22T18:01:39","modified_gmt":"2025-10-22T18:01:39","slug":"economia-aplicada-politicas-publicas","status":"publish","type":"page","link":"https:\/\/eplaninternational.com\/en\/about\/economia-aplicada-politicas-publicas\/","title":{"rendered":"Econom\u00eda Aplicada &#038; Pol\u00edticas P\u00fablicas"},"content":{"rendered":"","protected":false},"excerpt":{"rendered":"","protected":false},"author":1,"featured_media":0,"parent":89,"menu_order":0,"comment_status":"closed","ping_status":"closed","template":"page-economia-aplicada-politicas-publicas-template","meta":{"saved_in_kubio":true,"pagelayer_contact_templates":[],"_pagelayer_content":"","footnotes":""},"class_list":["post-465","page","type-page","status-publish","hentry"],"kubio_ai_page_context":{"short_desc":"","purpose":"general"},"_links":{"self":[{"href":"https:\/\/eplaninternational.com\/en\/wp-json\/wp\/v2\/pages\/465","targetHints":{"allow":["GET"]}}],"collection":[{"href":"https:\/\/eplaninternational.com\/en\/wp-json\/wp\/v2\/pages"}],"about":[{"href":"https:\/\/eplaninternational.com\/en\/wp-json\/wp\/v2\/types\/page"}],"author":[{"embeddable":true,"href":"https:\/\/eplaninternational.com\/en\/wp-json\/wp\/v2\/users\/1"}],"replies":[{"embeddable":true,"href":"https:\/\/eplaninternational.com\/en\/wp-json\/wp\/v2\/comments?post=465"}],"version-history":[{"count":9,"href":"https:\/\/eplaninternational.com\/en\/wp-json\/wp\/v2\/pages\/465\/revisions"}],"predecessor-version":[{"id":648,"href":"https:\/\/eplaninternational.com\/en\/wp-json\/wp\/v2\/pages\/465\/revisions\/648"}],"up":[{"embeddable":true,"href":"https:\/\/eplaninternational.com\/en\/wp-json\/wp\/v2\/pages\/89"}],"wp:attachment":[{"href":"https:\/\/eplaninternational.com\/en\/wp-json\/wp\/v2\/media?parent=465"}],"curies":[{"name":"wp","href":"https:\/\/api.w.org\/{rel}","templated":true}]}}